{"id":1259,"date":"2016-12-14T09:46:24","date_gmt":"2016-12-14T09:46:24","guid":{"rendered":"http:\/\/crespinteriorisme.com\/ca\/proyectos-realizados\/"},"modified":"2017-11-06T15:31:09","modified_gmt":"2017-11-06T15:31:09","slug":"projectes-realitzats","status":"publish","type":"page","link":"https:\/\/crespinteriorisme.com\/ca\/projectes-realitzats\/","title":{"rendered":"Projectes realitzats"},"content":{"rendered":"<p>Coordinem totes les fases del projecte, d\u2019inici a fi, amb l\u2019objectiu de presentar les millors solucions per al teu espai en concret.<\/p>\n<p>A Crespi Interiorisme no basem la nostra activitat en un estil determinat per dissenyar els diferents espais. El nostre estil evoluciona, absorbint noves tend\u00e8ncies i adaptant-se a noves necessitats, oferint, d\u2019aquesta manera, una gran flexibilitat i innovaci\u00f3.<\/p>\n<p dir=\"ltr\">La nostra llarga traject\u00f2ria professional ens permet avan\u00e7ar en l\u00ednia ascendent i oferir, aix\u00ed, les millors propostes per adaptar-nos a les seves necessitats.<\/p>\n","protected":false},"excerpt":{"rendered":"<p>Coordinem totes les fases del projecte, d\u2019inici a fi, amb l\u2019objectiu de presentar les millors solucions per al teu espai en concret. A Crespi Interiorisme no basem la nostra activitat en un estil determinat per dissenyar els diferents espais. El nostre estil evoluciona, absorbint noves tend\u00e8ncies i adaptant-se a noves necessitats, oferint, d\u2019aquesta manera, una &hellip; <a href=\"https:\/\/crespinteriorisme.com\/ca\/projectes-realitzats\/\" class=\"more-link\">Continua la lectura de <span class=\"screen-reader-text\">Projectes realitzats<\/span> <span class=\"meta-nav\">&rarr;<\/span><\/a><\/p>\n","protected":false},"author":1,"featured_media":0,"parent":0,"menu_order":8,"comment_status":"open","ping_status":"closed","template":"","meta":{"_acf_changed":false,"footnotes":""},"class_list":["post-1259","page","type-page","status-publish","hentry"],"acf":[],"_links":{"self":[{"href":"https:\/\/crespinteriorisme.com\/ca\/wp-json\/wp\/v2\/pages\/1259","targetHints":{"allow":["GET"]}}],"collection":[{"href":"https:\/\/crespinteriorisme.com\/ca\/wp-json\/wp\/v2\/pages"}],"about":[{"href":"https:\/\/crespinteriorisme.com\/ca\/wp-json\/wp\/v2\/types\/page"}],"author":[{"embeddable":true,"href":"https:\/\/crespinteriorisme.com\/ca\/wp-json\/wp\/v2\/users\/1"}],"replies":[{"embeddable":true,"href":"https:\/\/crespinteriorisme.com\/ca\/wp-json\/wp\/v2\/comments?post=1259"}],"version-history":[{"count":2,"href":"https:\/\/crespinteriorisme.com\/ca\/wp-json\/wp\/v2\/pages\/1259\/revisions"}],"predecessor-version":[{"id":1280,"href":"https:\/\/crespinteriorisme.com\/ca\/wp-json\/wp\/v2\/pages\/1259\/revisions\/1280"}],"wp:attachment":[{"href":"https:\/\/crespinteriorisme.com\/ca\/wp-json\/wp\/v2\/media?parent=1259"}],"curies":[{"name":"wp","href":"https:\/\/api.w.org\/{rel}","templated":true}]}}