{"id":1211,"date":"2017-08-31T09:39:55","date_gmt":"2017-08-31T09:39:55","guid":{"rendered":"http:\/\/crespinteriorisme.com\/ca\/crespi-interiorisme\/interiorismo-y-diseno-de-opticas\/"},"modified":"2024-05-23T08:54:31","modified_gmt":"2024-05-23T08:54:31","slug":"interiorisme-i-optiques-de-disseny","status":"publish","type":"page","link":"https:\/\/crespinteriorisme.com\/ca\/crespi-interiorisme\/interiorisme-i-optiques-de-disseny\/","title":{"rendered":"INTERIORISME I \u00d2PTIQUES DE DISSENY"},"content":{"rendered":"<p>Reformem i redissenyem \u00f2ptiques de diferents estils, sempre amb tocs funcionals i personalitzant l\u2019\u00f2ptica a les necessitats de l\u2019espai.<\/p>\n<p>Estem especialitzats en la construcci\u00f3 d\u2019\u00f2ptiques, el disseny, la decoraci\u00f3 i la selecci\u00f3 de mobiliari per a \u00f2ptiques de disseny.<\/p>\n<p>El nostre objectiu \u00e9s oferir-li un projecte 360\u00ba de la seva \u00f2ptica i que aquesta es converteixi en un espai acollidor, din\u00e0mic i funcional, a disposici\u00f3 del p\u00fablic, sempre amb les millors condicions visuals.<\/p>\n<p>Confii el disseny de la seva \u00f2ptica a <strong>Crespi Interiorisme.<\/strong><\/p>\n<p dir=\"ltr\"><strong>Crespi Interiorisme <\/strong>l\u2019ajuda a complir el seu objectiu de disposar d\u2019una \u00f2ptica a la seva mida.<\/p>\n<p dir=\"ltr\">\n","protected":false},"excerpt":{"rendered":"<p>Reformem i redissenyem \u00f2ptiques de diferents estils, sempre amb tocs funcionals i personalitzant l\u2019\u00f2ptica a les necessitats de l\u2019espai. Estem especialitzats en la construcci\u00f3 d\u2019\u00f2ptiques, el disseny, la decoraci\u00f3 i la selecci\u00f3 de mobiliari per a \u00f2ptiques de disseny. El nostre objectiu \u00e9s oferir-li un projecte 360\u00ba de la seva \u00f2ptica i que aquesta es &hellip; <a href=\"https:\/\/crespinteriorisme.com\/ca\/crespi-interiorisme\/interiorisme-i-optiques-de-disseny\/\" class=\"more-link\">Continua la lectura de <span class=\"screen-reader-text\">INTERIORISME I \u00d2PTIQUES DE DISSENY<\/span> <span class=\"meta-nav\">&rarr;<\/span><\/a><\/p>\n","protected":false},"author":1,"featured_media":0,"parent":1210,"menu_order":3,"comment_status":"closed","ping_status":"closed","template":"page-serveisdins.php","meta":{"_acf_changed":false,"footnotes":""},"class_list":["post-1211","page","type-page","status-publish","hentry"],"acf":[],"_links":{"self":[{"href":"https:\/\/crespinteriorisme.com\/ca\/wp-json\/wp\/v2\/pages\/1211","targetHints":{"allow":["GET"]}}],"collection":[{"href":"https:\/\/crespinteriorisme.com\/ca\/wp-json\/wp\/v2\/pages"}],"about":[{"href":"https:\/\/crespinteriorisme.com\/ca\/wp-json\/wp\/v2\/types\/page"}],"author":[{"embeddable":true,"href":"https:\/\/crespinteriorisme.com\/ca\/wp-json\/wp\/v2\/users\/1"}],"replies":[{"embeddable":true,"href":"https:\/\/crespinteriorisme.com\/ca\/wp-json\/wp\/v2\/comments?post=1211"}],"version-history":[{"count":9,"href":"https:\/\/crespinteriorisme.com\/ca\/wp-json\/wp\/v2\/pages\/1211\/revisions"}],"predecessor-version":[{"id":2934,"href":"https:\/\/crespinteriorisme.com\/ca\/wp-json\/wp\/v2\/pages\/1211\/revisions\/2934"}],"up":[{"embeddable":true,"href":"https:\/\/crespinteriorisme.com\/ca\/wp-json\/wp\/v2\/pages\/1210"}],"wp:attachment":[{"href":"https:\/\/crespinteriorisme.com\/ca\/wp-json\/wp\/v2\/media?parent=1211"}],"curies":[{"name":"wp","href":"https:\/\/api.w.org\/{rel}","templated":true}]}}