{"id":1209,"date":"2017-09-04T07:16:59","date_gmt":"2017-09-04T07:16:59","guid":{"rendered":"http:\/\/crespinteriorisme.com\/ca\/farmacias\/"},"modified":"2019-01-21T16:51:43","modified_gmt":"2019-01-21T16:51:43","slug":"interiorisme-i-disseny-de-farmacies","status":"publish","type":"page","link":"https:\/\/crespinteriorisme.com\/ca\/crespi-interiorisme\/interiorisme-i-disseny-de-farmacies\/","title":{"rendered":"INTERIORISME I DISSENY DE FARM\u00c0CIES"},"content":{"rendered":"<p class=\"Cos\" style=\"line-height: 150%;\"><span lang=\"ES-TRAD\">A <b>Crespi Interiorisme <\/b>tenim l\u2019experi\u00e8ncia d\u2019haver dissenyat i construit m\u00e9s d\u2019un centenar de farm\u00e0cies. Som especialistes en la construcci\u00f3 de farm\u00e0cies, el disseny de farm\u00e0cies i en dotar la seva farm\u00e0cia de la funcionalitat que precisa un establiment d\u2019aquestes caracter\u00edstiques.<\/span><\/p>\n<p class=\"Cos\" style=\"line-height: 150%;\"><span lang=\"ES-TRAD\">El nostre equip hum\u00e0 especialitzat en la construcci\u00f3 i disseny de farm\u00e0cies vetllar\u00e0 en tot moment per a qu\u00e8 el desenvolupament del projecte compleixi amb la finalitat i amb els terminis exigits, i aix\u00ed aconseguir que el seu projecte de farm\u00e0cia sigui una realitat en els costos i temps pactats.<\/span><\/p>\n<p>&nbsp;<\/p>\n<p>&nbsp;<\/p>\n","protected":false},"excerpt":{"rendered":"<p>A Crespi Interiorisme tenim l\u2019experi\u00e8ncia d\u2019haver dissenyat i construit m\u00e9s d\u2019un centenar de farm\u00e0cies. Som especialistes en la construcci\u00f3 de farm\u00e0cies, el disseny de farm\u00e0cies i en dotar la seva farm\u00e0cia de la funcionalitat que precisa un establiment d\u2019aquestes caracter\u00edstiques. El nostre equip hum\u00e0 especialitzat en la construcci\u00f3 i disseny de farm\u00e0cies vetllar\u00e0 en tot &hellip; <a href=\"https:\/\/crespinteriorisme.com\/ca\/crespi-interiorisme\/interiorisme-i-disseny-de-farmacies\/\" class=\"more-link\">Continua la lectura de <span class=\"screen-reader-text\">INTERIORISME I DISSENY DE FARM\u00c0CIES<\/span> <span class=\"meta-nav\">&rarr;<\/span><\/a><\/p>\n","protected":false},"author":1,"featured_media":0,"parent":1210,"menu_order":1,"comment_status":"closed","ping_status":"closed","template":"page-serveisdins.php","meta":{"_acf_changed":false,"footnotes":""},"class_list":["post-1209","page","type-page","status-publish","hentry"],"acf":[],"_links":{"self":[{"href":"https:\/\/crespinteriorisme.com\/ca\/wp-json\/wp\/v2\/pages\/1209","targetHints":{"allow":["GET"]}}],"collection":[{"href":"https:\/\/crespinteriorisme.com\/ca\/wp-json\/wp\/v2\/pages"}],"about":[{"href":"https:\/\/crespinteriorisme.com\/ca\/wp-json\/wp\/v2\/types\/page"}],"author":[{"embeddable":true,"href":"https:\/\/crespinteriorisme.com\/ca\/wp-json\/wp\/v2\/users\/1"}],"replies":[{"embeddable":true,"href":"https:\/\/crespinteriorisme.com\/ca\/wp-json\/wp\/v2\/comments?post=1209"}],"version-history":[{"count":4,"href":"https:\/\/crespinteriorisme.com\/ca\/wp-json\/wp\/v2\/pages\/1209\/revisions"}],"predecessor-version":[{"id":1535,"href":"https:\/\/crespinteriorisme.com\/ca\/wp-json\/wp\/v2\/pages\/1209\/revisions\/1535"}],"up":[{"embeddable":true,"href":"https:\/\/crespinteriorisme.com\/ca\/wp-json\/wp\/v2\/pages\/1210"}],"wp:attachment":[{"href":"https:\/\/crespinteriorisme.com\/ca\/wp-json\/wp\/v2\/media?parent=1209"}],"curies":[{"name":"wp","href":"https:\/\/api.w.org\/{rel}","templated":true}]}}